{"id":881,"date":"2026-03-25T13:07:27","date_gmt":"2026-03-25T10:07:27","guid":{"rendered":"https:\/\/grshealthtourism.com\/?page_id=881"},"modified":"2026-03-25T13:08:04","modified_gmt":"2026-03-25T10:08:04","slug":"deneme-formu","status":"publish","type":"page","link":"https:\/\/grshealthtourism.com\/en\/deneme-formu\/","title":{"rendered":"Deneme Formu"},"content":{"rendered":"<div data-elementor-type=\"wp-page\" data-elementor-id=\"881\" class=\"elementor elementor-881\">\n\t\t\t\t<div class=\"elementor-element elementor-element-614b3b5 e-flex e-con-boxed e-con e-parent\" data-id=\"614b3b5\" data-element_type=\"container\" data-settings=\"{&quot;jet_parallax_layout_list&quot;:[]}\">\n\t\t\t\t\t<div class=\"e-con-inner\">\n\t\t\t\t<div class=\"elementor-element elementor-element-dc0f100 elementor-widget elementor-widget-shortcode\" data-id=\"dc0f100\" data-element_type=\"widget\" data-widget_type=\"shortcode.default\">\n\t\t\t\t\t\t\t<div class=\"elementor-shortcode\"><style id=\"wpforms-css-vars-877\">\n\t\t\t\t#wpforms-877 {\n\t\t\t\t--wpforms-field-size-input-height: 43px;\n--wpforms-field-size-input-spacing: 15px;\n--wpforms-field-size-font-size: 16px;\n--wpforms-field-size-line-height: 19px;\n--wpforms-field-size-padding-h: 14px;\n--wpforms-field-size-checkbox-size: 16px;\n--wpforms-field-size-sublabel-spacing: 5px;\n--wpforms-field-size-icon-size: 1;\n--wpforms-label-size-font-size: 16px;\n--wpforms-label-size-line-height: 19px;\n--wpforms-label-size-sublabel-font-size: 14px;\n--wpforms-label-size-sublabel-line-height: 17px;\n--wpforms-button-size-font-size: 17px;\n--wpforms-button-size-height: 41px;\n--wpforms-button-size-padding-h: 15px;\n--wpforms-button-size-margin-top: 10px;\n--wpforms-container-shadow-size-box-shadow: none;\n\t\t\t}\n\t\t\t<\/style><div class=\"wpforms-container wpforms-container-full wpforms-render-modern\" id=\"wpforms-877\"><form id=\"wpforms-form-877\" class=\"wpforms-validate wpforms-form wpforms-ajax-form\" data-formid=\"877\" method=\"post\" enctype=\"multipart\/form-data\" action=\"\/en\/wp-json\/wp\/v2\/pages\/881\" data-token=\"fea6136a7f0cffce1f8bf90ab27608df\" data-token-time=\"1778193657\" data-trp-original-action=\"\/en\/wp-json\/wp\/v2\/pages\/881\"><noscript class=\"wpforms-error-noscript\">Please enable JavaScript in your browser to complete this form.<\/noscript><div id=\"wpforms-error-noscript\" style=\"display: none;\">Please enable JavaScript in your browser to complete this form.<\/div><div class=\"wpforms-field-container\"><div id=\"wpforms-877-field_1-container\" class=\"wpforms-field wpforms-field-name\" data-field-id=\"1\"><fieldset><legend class=\"wpforms-field-label\">Name and Surname <span class=\"wpforms-required-label\" aria-hidden=\"true\">*<\/span><\/legend><div class=\"wpforms-field-row wpforms-field-medium\"><div class=\"wpforms-field-row-block wpforms-first wpforms-one-half\"><input type=\"text\" id=\"wpforms-877-field_1\" class=\"wpforms-field-name-first wpforms-field-required\" name=\"wpforms[fields][1][first]\" aria-errormessage=\"wpforms-877-field_1-error\" required><label for=\"wpforms-877-field_1\" class=\"wpforms-field-sublabel after\">First<\/label><\/div><div class=\"wpforms-field-row-block wpforms-one-half\"><input type=\"text\" id=\"wpforms-877-field_1-last\" class=\"wpforms-field-name-last wpforms-field-required\" name=\"wpforms[fields][1][last]\" aria-errormessage=\"wpforms-877-field_1-last-error\" required><label for=\"wpforms-877-field_1-last\" class=\"wpforms-field-sublabel after\">Last<\/label><\/div><\/div><\/fieldset><\/div><div id=\"wpforms-877-field_3-container\" class=\"wpforms-field wpforms-field-phone\" data-field-id=\"3\"><label class=\"wpforms-field-label\" for=\"wpforms-877-field_3\">Telefon<\/label><input type=\"tel\" id=\"wpforms-877-field_3\" class=\"wpforms-field-medium wpforms-smart-phone-field\" data-rule-smart-phone-field=\"true\" name=\"wpforms[fields][3]\" aria-label=\"Telefon\" aria-errormessage=\"wpforms-877-field_3-error\" ><\/div>\t\t<div id=\"wpforms-877-field_4-container\"\n\t\t\tclass=\"wpforms-field wpforms-field-text\"\n\t\t\tdata-field-type=\"text\"\n\t\t\tdata-field-id=\"4\"\n\t\t\t>\n\t\t\t<label class=\"wpforms-field-label\" for=\"wpforms-877-field_4\" >Telefon Soyad\u0131 Onay<\/label>\n\t\t\t<input type=\"text\" id=\"wpforms-877-field_4\" class=\"wpforms-field-medium\" name=\"wpforms[fields][4]\" >\n\t\t<\/div>\n\t\t<div id=\"wpforms-877-field_5-container\" class=\"wpforms-field wpforms-field-checkbox\" data-field-id=\"5\"><fieldset><legend class=\"wpforms-field-label\">Onay kutusu<\/legend><ul id=\"wpforms-877-field_5\"><li class=\"choice-1 depth-1\"><input type=\"checkbox\" id=\"wpforms-877-field_5_1\" name=\"wpforms[fields][5][]\" value=\"Hastane\" aria-errormessage=\"wpforms-877-field_5_1-error\"  ><label class=\"wpforms-field-label-inline\" for=\"wpforms-877-field_5_1\">Hastane<\/label><\/li><li class=\"choice-2 depth-1\"><input type=\"checkbox\" id=\"wpforms-877-field_5_2\" name=\"wpforms[fields][5][]\" value=\"Doktor\" aria-errormessage=\"wpforms-877-field_5_2-error\"  ><label class=\"wpforms-field-label-inline\" for=\"wpforms-877-field_5_2\">Doktor<\/label><\/li><li class=\"choice-3 depth-1\"><input type=\"checkbox\" id=\"wpforms-877-field_5_3\" name=\"wpforms[fields][5][]\" value=\"Klinik\" aria-errormessage=\"wpforms-877-field_5_3-error\"  ><label class=\"wpforms-field-label-inline\" for=\"wpforms-877-field_5_3\">Klinik<\/label><\/li><\/ul><\/fieldset><\/div><div id=\"wpforms-877-field_2-container\" class=\"wpforms-field wpforms-field-email\" data-field-id=\"2\"><label class=\"wpforms-field-label\" for=\"wpforms-877-field_2\">Email <span class=\"wpforms-required-label\" aria-hidden=\"true\">*<\/span><\/label><input type=\"email\" id=\"wpforms-877-field_2\" class=\"wpforms-field-medium wpforms-field-required\" name=\"wpforms[fields][2]\" spellcheck=\"false\" aria-errormessage=\"wpforms-877-field_2-error\" required><\/div><script>\n\t\t\t\t( function() {\n\t\t\t\t\tconst style = document.createElement( 'style' );\n\t\t\t\t\tstyle.appendChild( document.createTextNode( '#wpforms-877-field_4-container { position: absolute !important; overflow: hidden !important; display: inline !important; height: 1px !important; width: 1px !important; z-index: -1000 !important; padding: 0 !important; } #wpforms-877-field_4-container input { visibility: hidden; } #wpforms-conversational-form-page #wpforms-877-field_4-container label { counter-increment: none; }' ) );\n\t\t\t\t\tdocument.head.appendChild( style );\n\t\t\t\t\tdocument.currentScript?.remove();\n\t\t\t\t} )();\n\t\t\t<\/script><\/div><!-- .wpforms-field-container --><div class=\"wpforms-submit-container\" ><input type=\"hidden\" name=\"wpforms[id]\" value=\"877\"><input type=\"hidden\" name=\"page_title\" value=\"\"><input type=\"hidden\" name=\"page_url\" value=\"https:\/\/grshealthtourism.com\/en\/wp-json\/wp\/v2\/pages\/881\"><input type=\"hidden\" name=\"url_referer\" value=\"\"><button type=\"submit\" name=\"wpforms[submit]\" id=\"wpforms-submit-877\" class=\"wpforms-submit\" data-alt-text=\"G\u00f6nderiliyor...\" data-submit-text=\"G\u00f6nder\" aria-live=\"assertive\" value=\"wpforms-submit\">Send<\/button><img decoding=\"async\" src=\"https:\/\/grshealthtourism.com\/wp-content\/plugins\/wpforms\/assets\/images\/submit-spin.svg\" class=\"wpforms-submit-spinner\" style=\"display: none;\" width=\"26\" height=\"26\" alt=\"Loading\"><\/div><input type=\"hidden\" name=\"trp-form-language\" value=\"en\"\/><\/form><\/div>  <!-- .wpforms-container --><\/div>\n\t\t\t\t\t\t<\/div>\n\t\t\t\t\t<\/div>\n\t\t\t\t<\/div>\n\t\t\t\t<\/div>","protected":false},"excerpt":{"rendered":"","protected":false},"author":2,"featured_media":0,"parent":0,"menu_order":0,"comment_status":"closed","ping_status":"closed","template":"","meta":{"_acf_changed":false,"footnotes":""},"class_list":["post-881","page","type-page","status-publish","hentry"],"acf":[],"yoast_head":"<!-- This site is optimized with the Yoast SEO plugin v25.6 - https:\/\/yoast.com\/wordpress\/plugins\/seo\/ -->\n<title>Deneme Formu - GRS Health Tourism - Sa\u011fl\u0131k Turizmi Acentas\u0131<\/title>\n<meta name=\"robots\" content=\"index, follow, max-snippet:-1, max-image-preview:large, max-video-preview:-1\" \/>\n<link rel=\"canonical\" href=\"https:\/\/grshealthtourism.com\/en\/deneme-formu\/\" \/>\n<meta property=\"og:locale\" content=\"en_US\" \/>\n<meta property=\"og:type\" content=\"article\" \/>\n<meta property=\"og:title\" content=\"Deneme Formu - GRS Health Tourism - Sa\u011fl\u0131k Turizmi Acentas\u0131\" \/>\n<meta property=\"og:url\" content=\"https:\/\/grshealthtourism.com\/en\/deneme-formu\/\" \/>\n<meta property=\"og:site_name\" content=\"GRS Health Tourism - Sa\u011fl\u0131k Turizmi Acentas\u0131\" \/>\n<meta property=\"article:modified_time\" content=\"2026-03-25T10:08:04+00:00\" \/>\n<meta name=\"twitter:card\" content=\"summary_large_image\" \/>\n<meta name=\"twitter:label1\" content=\"Est. reading time\" \/>\n\t<meta name=\"twitter:data1\" content=\"1 minute\" \/>\n<script type=\"application\/ld+json\" class=\"yoast-schema-graph\">{\"@context\":\"https:\/\/schema.org\",\"@graph\":[{\"@type\":\"WebPage\",\"@id\":\"https:\/\/grshealthtourism.com\/deneme-formu\/\",\"url\":\"https:\/\/grshealthtourism.com\/deneme-formu\/\",\"name\":\"Deneme Formu - GRS Health Tourism - Sa\u011fl\u0131k Turizmi Acentas\u0131\",\"isPartOf\":{\"@id\":\"https:\/\/grshealthtourism.com\/#website\"},\"datePublished\":\"2026-03-25T10:07:27+00:00\",\"dateModified\":\"2026-03-25T10:08:04+00:00\",\"breadcrumb\":{\"@id\":\"https:\/\/grshealthtourism.com\/deneme-formu\/#breadcrumb\"},\"inLanguage\":\"en-US\",\"potentialAction\":[{\"@type\":\"ReadAction\",\"target\":[\"https:\/\/grshealthtourism.com\/deneme-formu\/\"]}]},{\"@type\":\"BreadcrumbList\",\"@id\":\"https:\/\/grshealthtourism.com\/deneme-formu\/#breadcrumb\",\"itemListElement\":[{\"@type\":\"ListItem\",\"position\":1,\"name\":\"Anasayfa\",\"item\":\"https:\/\/grshealthtourism.com\/\"},{\"@type\":\"ListItem\",\"position\":2,\"name\":\"Deneme Formu\"}]},{\"@type\":\"WebSite\",\"@id\":\"https:\/\/grshealthtourism.com\/#website\",\"url\":\"https:\/\/grshealthtourism.com\/\",\"name\":\"GRS Health Tourism - Sa\u011fl\u0131k Turizmi Acentas\u0131\",\"description\":\"GRS Health Tourism - Sa\u011fl\u0131k Turizmi Acentas\u0131\",\"potentialAction\":[{\"@type\":\"SearchAction\",\"target\":{\"@type\":\"EntryPoint\",\"urlTemplate\":\"https:\/\/grshealthtourism.com\/?s={search_term_string}\"},\"query-input\":{\"@type\":\"PropertyValueSpecification\",\"valueRequired\":true,\"valueName\":\"search_term_string\"}}],\"inLanguage\":\"en-US\"}]}<\/script>\n<!-- \/ Yoast SEO plugin. -->","yoast_head_json":{"title":"Deneme Formu - GRS Health Tourism - Sa\u011fl\u0131k Turizmi Acentas\u0131","robots":{"index":"index","follow":"follow","max-snippet":"max-snippet:-1","max-image-preview":"max-image-preview:large","max-video-preview":"max-video-preview:-1"},"canonical":"https:\/\/grshealthtourism.com\/en\/deneme-formu\/","og_locale":"en_US","og_type":"article","og_title":"Deneme Formu - GRS Health Tourism - Sa\u011fl\u0131k Turizmi Acentas\u0131","og_url":"https:\/\/grshealthtourism.com\/en\/deneme-formu\/","og_site_name":"GRS Health Tourism - Sa\u011fl\u0131k Turizmi Acentas\u0131","article_modified_time":"2026-03-25T10:08:04+00:00","twitter_card":"summary_large_image","twitter_misc":{"Est. reading time":"1 minute"},"schema":{"@context":"https:\/\/schema.org","@graph":[{"@type":"WebPage","@id":"https:\/\/grshealthtourism.com\/deneme-formu\/","url":"https:\/\/grshealthtourism.com\/deneme-formu\/","name":"Deneme Formu - GRS Health Tourism - Sa\u011fl\u0131k Turizmi Acentas\u0131","isPartOf":{"@id":"https:\/\/grshealthtourism.com\/#website"},"datePublished":"2026-03-25T10:07:27+00:00","dateModified":"2026-03-25T10:08:04+00:00","breadcrumb":{"@id":"https:\/\/grshealthtourism.com\/deneme-formu\/#breadcrumb"},"inLanguage":"en-US","potentialAction":[{"@type":"ReadAction","target":["https:\/\/grshealthtourism.com\/deneme-formu\/"]}]},{"@type":"BreadcrumbList","@id":"https:\/\/grshealthtourism.com\/deneme-formu\/#breadcrumb","itemListElement":[{"@type":"ListItem","position":1,"name":"Anasayfa","item":"https:\/\/grshealthtourism.com\/"},{"@type":"ListItem","position":2,"name":"Deneme Formu"}]},{"@type":"WebSite","@id":"https:\/\/grshealthtourism.com\/#website","url":"https:\/\/grshealthtourism.com\/","name":"GRS Health Tourism - Sa\u011fl\u0131k Turizmi Acentas\u0131","description":"GRS Health Tourism - Sa\u011fl\u0131k Turizmi Acentas\u0131","potentialAction":[{"@type":"SearchAction","target":{"@type":"EntryPoint","urlTemplate":"https:\/\/grshealthtourism.com\/?s={search_term_string}"},"query-input":{"@type":"PropertyValueSpecification","valueRequired":true,"valueName":"search_term_string"}}],"inLanguage":"en-US"}]}},"_links":{"self":[{"href":"https:\/\/grshealthtourism.com\/en\/wp-json\/wp\/v2\/pages\/881","targetHints":{"allow":["GET"]}}],"collection":[{"href":"https:\/\/grshealthtourism.com\/en\/wp-json\/wp\/v2\/pages"}],"about":[{"href":"https:\/\/grshealthtourism.com\/en\/wp-json\/wp\/v2\/types\/page"}],"author":[{"embeddable":true,"href":"https:\/\/grshealthtourism.com\/en\/wp-json\/wp\/v2\/users\/2"}],"replies":[{"embeddable":true,"href":"https:\/\/grshealthtourism.com\/en\/wp-json\/wp\/v2\/comments?post=881"}],"version-history":[{"count":4,"href":"https:\/\/grshealthtourism.com\/en\/wp-json\/wp\/v2\/pages\/881\/revisions"}],"predecessor-version":[{"id":885,"href":"https:\/\/grshealthtourism.com\/en\/wp-json\/wp\/v2\/pages\/881\/revisions\/885"}],"wp:attachment":[{"href":"https:\/\/grshealthtourism.com\/en\/wp-json\/wp\/v2\/media?parent=881"}],"curies":[{"name":"wp","href":"https:\/\/api.w.org\/{rel}","templated":true}]}}